{"id":17,"date":"2025-03-16T16:29:43","date_gmt":"2025-03-16T16:29:43","guid":{"rendered":"https:\/\/oportocountryhouse.com\/?page_id=17"},"modified":"2025-03-16T16:49:44","modified_gmt":"2025-03-16T16:49:44","slug":"a-casa","status":"publish","type":"page","link":"https:\/\/oportocountryhouse.com\/index.php\/a-casa\/","title":{"rendered":"a casa | viva momentos"},"content":{"rendered":"\n<div class=\"wp-block-cover is-light\"><span aria-hidden=\"true\" class=\"wp-block-cover__background has-background-dim\"><\/span><img decoding=\"async\" class=\"wp-block-cover__image-background\" alt=\"\" src=\"https:\/\/oportocountryhouse.com\/wp-content\/uploads\/2025\/03\/94DA3F77-2A72-40AE-98A0-BBA265F1AFCB-768x1024.jpeg\" data-object-fit=\"cover\"\/><div class=\"wp-block-cover__inner-container\">\n<p class=\"has-text-align-center has-large-font-size\">Bem-vindos<\/p>\n<\/div><\/div>\n\n\n\n<p>O nosso encantador ref\u00fagio rural na \u00c1rea Metropolitana do Porto, o local ideal para passar umas f\u00e9rias relaxantes em fam\u00edlia e explorar o encanto de Portugal.<\/p>\n\n\n\n<p><\/p>\n\n\n\n<p><strong>Localiza\u00e7\u00e3o Estrat\u00e9gica:<\/strong>\u00a0A nossa casa est\u00e1 estrategicamente situada, perto da autoestrada, proporcionando f\u00e1cil acesso para explorar as maravilhas do norte e centro de Portugal. Localizada entre cidades incr\u00edveis como Aveiro, Coimbra, Porto, Braga e Viana do Castelo, garantimos que a sua experi\u00eancia seja repleta de descobertas fascinantes.<\/p>\n\n\n\n<p><strong>Comodidades Confort\u00e1veis e Detalhes Exclusivos:<\/strong>\u00a0Prepare-se para desfrutar do conforto da nossa casa, equipada com ar condicionado para garantir o seu bem-estar em todas as esta\u00e7\u00f5es. Al\u00e9m disso, oferecemos um toque de luxo com a nossa sauna e jacuzzi exterior aquecidos a lenha, proporcionando momentos de relaxamento sob o c\u00e9u estrelado. Para os amantes de churrasco, a nossa casa conta com um smoker para BBQ e um grelhador, permitindo refei\u00e7\u00f5es deliciosas ao ar livre.<\/p>\n\n\n\n<p><strong>\u00c1rea de Lazer ao Ar Livre:<\/strong>&nbsp;Al\u00e9m das nossas \u00e1rvores de fruto, o extenso relvado \u00e9 um convite para momentos especiais em fam\u00edlia. Aproveite para fazer piqueniques ao ar livre, desfrutando da natureza e criando mem\u00f3rias inesquec\u00edveis com seus entes queridos.<\/p>\n\n\n\n<p><strong>Espa\u00e7o Confort\u00e1vel:<\/strong>\u00a0A casa disp\u00f5e de 3 quartos acolhedores e duas casas de banho, garantindo privacidade e conforto para todos. O toque final \u00e9 o nosso jardim, repleto de \u00e1rvores de fruto e espa\u00e7os para relaxar, proporcionando o ambiente perfeito para momentos tranquilos e memor\u00e1veis.<\/p>\n\n\n\n<p><strong>Divers\u00e3o para Todas as Idades:<\/strong>&nbsp;Se viaja com crian\u00e7as, temos o cen\u00e1rio perfeito para a divers\u00e3o delas! O nosso parque infantil oferece uma variedade de op\u00e7\u00f5es para entretenimento, garantindo que os mais pequenos tenham momentos inesquec\u00edveis durante as f\u00e9rias.<\/p>\n\n\n\n<p><strong>O Seu Ref\u00fagio em Portugal:<\/strong>\u00a0Venha descobrir a verdadeira ess\u00eancia de Portugal conosco. Seja explorando cidades encantadoras, relaxando na nossa casa de campo ou fazendo piqueniques no nosso extenso relvado, garantimos que a sua estadia ser\u00e1 enriquecida por detalhes que tornar\u00e3o a experi\u00eancia \u00fanica. <\/p>\n\n\n\n<p>Para quem procura jornada de descobertas e divers\u00e3o em fam\u00edlia!<\/p>\n","protected":false},"excerpt":{"rendered":"<p>O nosso encantador ref\u00fagio rural na \u00c1rea Metropolitana do Porto, o local ideal para passar umas f\u00e9rias relaxantes em fam\u00edlia e explorar o encanto de Portugal. Localiza\u00e7\u00e3o Estrat\u00e9gica:\u00a0A nossa casa est\u00e1 estrategicamente situada, perto da autoestrada, proporcionando f\u00e1cil acesso para explorar as maravilhas do norte e centro de Portugal. Localizada entre cidades incr\u00edveis como Aveiro, &hellip;<\/p>\n<p class=\"read-more\"> <a class=\"\" href=\"https:\/\/oportocountryhouse.com\/index.php\/a-casa\/\"> <span class=\"screen-reader-text\">a casa | viva momentos<\/span> Read More &raquo;<\/a><\/p>\n","protected":false},"author":1,"featured_media":34,"parent":0,"menu_order":0,"comment_status":"closed","ping_status":"closed","template":"","meta":{"site-sidebar-layout":"default","site-content-layout":"default","ast-global-header-display":"","ast-banner-title-visibility":"","ast-main-header-display":"","ast-hfb-above-header-display":"","ast-hfb-below-header-display":"","ast-hfb-mobile-header-display":"","site-post-title":"","ast-breadcrumbs-content":"","ast-featured-img":"","footer-sml-layout":"","theme-transparent-header-meta":"","adv-header-id-meta":"","stick-header-meta":"","header-above-stick-meta":"","header-main-stick-meta":"","header-below-stick-meta":""},"aioseo_notices":[],"_links":{"self":[{"href":"https:\/\/oportocountryhouse.com\/index.php\/wp-json\/wp\/v2\/pages\/17"}],"collection":[{"href":"https:\/\/oportocountryhouse.com\/index.php\/wp-json\/wp\/v2\/pages"}],"about":[{"href":"https:\/\/oportocountryhouse.com\/index.php\/wp-json\/wp\/v2\/types\/page"}],"author":[{"embeddable":true,"href":"https:\/\/oportocountryhouse.com\/index.php\/wp-json\/wp\/v2\/users\/1"}],"replies":[{"embeddable":true,"href":"https:\/\/oportocountryhouse.com\/index.php\/wp-json\/wp\/v2\/comments?post=17"}],"version-history":[{"count":4,"href":"https:\/\/oportocountryhouse.com\/index.php\/wp-json\/wp\/v2\/pages\/17\/revisions"}],"predecessor-version":[{"id":36,"href":"https:\/\/oportocountryhouse.com\/index.php\/wp-json\/wp\/v2\/pages\/17\/revisions\/36"}],"wp:featuredmedia":[{"embeddable":true,"href":"https:\/\/oportocountryhouse.com\/index.php\/wp-json\/wp\/v2\/media\/34"}],"wp:attachment":[{"href":"https:\/\/oportocountryhouse.com\/index.php\/wp-json\/wp\/v2\/media?parent=17"}],"curies":[{"name":"wp","href":"https:\/\/api.w.org\/{rel}","templated":true}]}}